{"id":3496,"date":"2025-03-27T10:39:55","date_gmt":"2025-03-27T10:39:55","guid":{"rendered":"https:\/\/tvt.travelblox.eu\/?page_id=3496"},"modified":"2026-04-01T09:12:46","modified_gmt":"2026-04-01T09:12:46","slug":"about-us","status":"publish","type":"page","link":"https:\/\/tvt.travelblox.eu\/fr\/about-us\/","title":{"rendered":"\u00c0 propos de nous"},"content":{"rendered":"<div class=\"tb-header tb-block align-center background-dark pattern-none variant-none\" id=\"header\" data-fallback-background=\"https:\/\/tvt.travelblox.eu\/wp-content\/uploads\/sites\/49\/2025\/03\/DSC06086.jpg\" style=\"background-image: url('https:\/\/tvt.travelblox.eu\/wp-content\/uploads\/sites\/49\/2025\/03\/DSC06086.jpg'); background-position:50% 50%;\">\n    <div class=\"tb-header-foreground\">\n        <div class=\"inner-block\">\n\n            <div class=\"main-part\">\n                <div class=\"text-part\">\n                                                                                            <h1>\t<span class=\"tb-logo\"  style=\"-webkit-mask-image: url(https:\/\/tvt.travelblox.eu\/wp-content\/uploads\/sites\/49\/2023\/09\/TVT_white-no-Italy-without-wheel.svg); mask-image: url(https:\/\/tvt.travelblox.eu\/wp-content\/uploads\/sites\/49\/2023\/09\/TVT_white-no-Italy-without-wheel.svg)\">\n\t\t<img src='https:\/\/tvt.travelblox.eu\/wp-content\/uploads\/sites\/49\/2023\/12\/LVT_white-without-italy-without-wheel-SVG.svg' width='1024' height='1024' alt='Le logo de The Vespa Trip' title='Le Vespa Trip' loading='lazy'>\n\t<\/span>\n<\/h1>\n                                                                                        <h2 class=\"tb-subtitle\">\t\t<div class=\"translation-block\"><p>L'\u00e9quipe et l'histoire derri\u00e8re The Vespa Trip<\/p><\/div>\n\t<\/h2>\n                                                                                                                                            <\/div>\n            <\/div>\n            \n                    <\/div>\n    <\/div>\n\n    \n    \n<\/div>\n\n\n<div class=\"tb-team tb-block align-center background-light pattern-default variant-none tb-collapsible-margins\" id=\"team\">\n\t<div class=\"inner-block tb-fade-in tb-fade-in--subtle\">\n\t\t<div class=\"text-part\">\n\t\t\t<h2>Qui sommes-nous ?<\/h2>\n\t\t\t\t\t<div class=\"translation-block\"><p><strong>Ciao a tutti !<\/strong><\/p><p>Chez <strong>Le Vespa Trip<\/strong>, on vit pour l\u2019aventure, la libert\u00e9 et la Dolce Vita. Il y a quelque chose de tout simplement magique \u00e0 parcourir l\u2019Italie les cheveux au vent, le soleil sur le visage et et cette sensation unique de l\u00e9g\u00e8ret\u00e9 !<\/p><p>Nous sommes une \u00e9quipe de <strong>voyageuses passionn\u00e9es<\/strong>, convaincues que la plus belle fa\u00e7on de d\u00e9couvrir la Bella Italia, c\u2019est sur deux roues \u2014 en toute libert\u00e9, au rythme de la route. Des collines dor\u00e9es de Toscane aux tr\u00e9sors cach\u00e9s de la C\u00f4te Amalfitaine, en passant par un espresso savour\u00e9 sur une piazza ensoleill\u00e9e\u2026 <strong>notre mission<\/strong>, c\u2019est de <strong>transformer vos r\u00eaves de road trip en r\u00e9alit\u00e9 !<\/strong>&nbsp;<\/p><\/div>\n\t\t\t<\/div>\n\t<\/div>\n\t\t\t\t\t<div class=\"inner-block-full-width has-tb-carousel\" >\n\t\t\t<div class=\"tb-carousel-container\">\n\t\t\t\t<div class=\"entries tb-cards\" data-slider-first=\"1\">\n\t\t\t\t\t\t\t\t\t<div class=\"tb-card entry\" style=\"background-image: url('https:\/\/tvt.travelblox.eu\/wp-content\/uploads\/sites\/49\/2025\/03\/IMG_8613-1-683x1024.jpg')\">\n\t\t\t\t<label for=\"tb-team-read-more-block_s49__p3496__team-0\" class=\"tb-team__card-label\">\n\t\t\t\t\t<div class=\"overlay\"><\/div>\n\t\t\t\t\t<div class=\"overlay overlay--extra\"><\/div>\n\t\t\t\t\t<div class=\"content\">\n\t\t\t\t\t\t<div class=\"tb-team__card-titles\">\n\t\t\t\t\t\t\t<h3>Ansita<\/h3>\n\t\t\t\t\t\t\t\t\t\t\t\t\t\t\t<p>Responsable marque<\/p>\n\t\t\t\t\t\t\t\t\t\t\t\t\t<\/div>\n\t\t\t\t\t\t\t\t\t\t\t\t\t<div class=\"extra-content\">\n\t\t\t\t\t\t\t\t<p>Avec des ann\u00e9es d'exp\u00e9rience \u00e0 cr\u00e9er des itin\u00e9raires en Vespa en Italie, je connais le m\u00e9lange parfait d'aventure et de d\u00e9tente, il te suffit de monter et de profiter du trajet !\ud83d\udef5\ud83c\uddee\ud83c\uddf9<\/p>\n\t\t\t\t\t\t\t<\/div>\n\t\t\t\t\t\t\t\t\t\t\t<\/div>\n\t\t\t\t\t<input type=\"checkbox\" class=\"tb-team__card-checkbox\" id=\"tb-team-read-more-block_s49__p3496__team-0\">\n\t\t\t\t<\/label>\n\t\t\t<\/div>\n\t\t\t\t\t<div class=\"tb-card entry\" style=\"background-image: url('https:\/\/tvt.travelblox.eu\/wp-content\/uploads\/sites\/49\/2025\/03\/IMG_8058-1-Medium.jpeg')\">\n\t\t\t\t<label for=\"tb-team-read-more-block_s49__p3496__team-1\" class=\"tb-team__card-label\">\n\t\t\t\t\t<div class=\"overlay\"><\/div>\n\t\t\t\t\t<div class=\"overlay overlay--extra\"><\/div>\n\t\t\t\t\t<div class=\"content\">\n\t\t\t\t\t\t<div class=\"tb-team__card-titles\">\n\t\t\t\t\t\t\t<h3>Chlo\u00e9<\/h3>\n\t\t\t\t\t\t\t\t\t\t\t\t\t\t\t<p>Responsable projet &amp; communication <\/p>\n\t\t\t\t\t\t\t\t\t\t\t\t\t<\/div>\n\t\t\t\t\t\t\t\t\t\t\t\t\t<div class=\"extra-content\">\n\t\t\t\t\t\t\t\t<p>L'atmosph\u00e8re vibrante, les vues incroyables, les villes impressionnantes et la d\u00e9licieuse cuisine... L'Italie ne d\u00e9\u00e7oit jamais. Je suis ravi de partager ma passion avec vous ! \ud83c\udf1e<\/p>\n\t\t\t\t\t\t\t<\/div>\n\t\t\t\t\t\t\t\t\t\t\t<\/div>\n\t\t\t\t\t<input type=\"checkbox\" class=\"tb-team__card-checkbox\" id=\"tb-team-read-more-block_s49__p3496__team-1\">\n\t\t\t\t<\/label>\n\t\t\t<\/div>\n\t\t\t\t\t\t\t\t<\/div>\n\t\t\t\t\t\t<div class=\"tb-carousel-nav\">\n\t\t\t<div class=\"dots\">\n\t\t\t\t<div class=\"dot active\"><\/div>\n\t\t\t\t<div class=\"dot\"><\/div>\n\t\t\t\t<div class=\"dot\"><\/div>\n\t\t\t<\/div>\n\t\t\t<div class=\"arrows\">\n\t\t\t\t<div class=\"prev disabled\">\n\t\t\t\t\t<span><i class=\"fa fa-chevron-left\"><\/i><\/span>\n\t\t\t\t<\/div>\n\t\t\t\t<div class=\"next\">\n\t\t\t\t\t<span><i class=\"fa fa-chevron-right\"><\/i><\/span>\n\t\t\t\t<\/div>\n\t\t\t<\/div>\n\t\t<\/div>\n\t\t\t\t<\/div>\n\t\t<\/div>\n\t\t\t<\/div>\n\n\n<div class=\"tb-textimage1 tb-block align-center background-light pattern-none variant-none tb-collapsible-margins\" id=\"textimage1\">\n\t<div class=\"inner-block tb-fade-in tb-fade-in--subtle\">\n\n\t\t\n\t\t<div class=\"text-part\">\n\t\t\t<h2>L'histoire derri\u00e8re Le Vespa Trip<\/h2>\n\t\t\t\t\t<div class=\"translation-block\"><p>Ce qui a commenc\u00e9 en 2015 comme une aventure d'une semaine, pr\u00e9sentant \u00e0 un petit groupe d'\u00e9tudiants la magie de l'Italie, est rapidement devenu quelque chose de beaucoup plus grand.<\/p><p>Au cours des cinq ann\u00e9es suivantes, The Vespa Trip a affin\u00e9 sa structure, \u00e9voluant au-del\u00e0 de l'atmosph\u00e8re \u00e9tudiante pour accueillir de plus en plus de voyageurs. Puis est venue cette ann\u00e9e o\u00f9 le monde s'est arr\u00eat\u00e9, et nous avons tous \u00e9t\u00e9 confin\u00e9s chez nous. Mais de cette pause est n\u00e9 un nouveau d\u00e9part, nous \u00e9tions pr\u00eats \u00e0 explorer de nouveaux horizons.<\/p><p>Au cours des quatre derni\u00e8res ann\u00e9es, nous avons \u00e9largi notre port\u00e9e au-del\u00e0 de ce que nous avions jamais imagin\u00e9. Nous avons ajout\u00e9 plus de semaines, doubl\u00e9 nos destinations et accueilli des aventuriers du monde entier. Ce qui a commenc\u00e9 comme un projet passion est devenu une communaut\u00e9 mondiale de voyageurs, tous unis par un amour des routes ouvertes, des tr\u00e9sors cach\u00e9s, et de la simple joie d'une Vespa qui ronronne.<\/p><p>Mais nous ne comptons pas nous arr\u00eater ici. Chaque ann\u00e9e, nous nous effor\u00e7ons d'\u00e9lever et de peaufiner l'exp\u00e9rience, travaillant en \u00e9troite collaboration avec les communaut\u00e9s locales pour vous offrir le voyage le plus authentique et inoubliable possible. Nous avons \u00e9tabli de solides relations \u00e0 travers l'Italie, garantissant que chaque arr\u00eat, chaque repas et chaque route sinueuse ajoute \u00e0 la magie de votre aventure.<\/p><p>Chez The Vespa Trip, nous croyons que les bonnes personnes font toute la diff\u00e9rence. C'est pourquoi nous s\u00e9lectionnons soigneusement des guides qui ne se contentent pas de vous montrer l'Italie, mais vous font sentir que vous y appartenez. Pendant ce temps, notre \u00e9quipe en coulisses travaille sans rel\u00e2che pour s'assurer que chaque voyage se d\u00e9roule sans accroc, afin que tout ce que vous ayez \u00e0 faire soit de profiter de la balade.<\/p><p>Ensemble, nous cr\u00e9ons plus que des voyages, nous cr\u00e9ons des souvenirs durables, des connexions profondes, et une exp\u00e9rience de voyage qui vous accompagnera longtemps apr\u00e8s que votre Vespa soit gar\u00e9e.<\/p><p>\u2600\ufe0f Ansita<br><em>Brand Manager<\/em><\/p><\/div>\n\t\t\t<\/div>\n\t<\/div>\n\t<div class=\"inner-block\">\n\t\t\t\t\t\t\t\t\t<div class=\"tb-image-part\">\n\t\t\t\t\t<img src='https:\/\/tvt.travelblox.eu\/wp-content\/uploads\/sites\/49\/2025\/03\/DSC06954-1536x1024.jpg' width='1536' height='1024' alt='4 personnes sur une Vespa dans une petite rue' loading='lazy' image_size='1536x1536'>\t\t\t\t<\/div>\n\t\t\t\t\t\t<\/div>\n\t<div class=\"inner-block tb-fade-in tb-fade-in--subtle\">\n\t\t<div class=\"text-part\">\n\t\t\t\t\t<div class=\"translation-block\"><p>Le Vespa Trip est une voyage cr\u00e9\u00e9e par <strong><a href=\"https:\/\/travelbase.fr\/\">Travelbase<\/a>,<\/strong> une entreprise de voyage en pleine croissance avec plus de 20 marques et communaut\u00e9s de voyage uniques. Depuis 2010, nous concevons des aventures de voyage actives inoubliables, principalement \u00e0 travers l'Europe.<\/p><p>Chez Travelbase, nous croyons que le voyage compte plus que la destination. Notre objectif est de vous emmener au-del\u00e0 de votre zone de confort, de d\u00e9fier vos limites et de vous aider \u00e0 vous connecter avec la nature et les personnes qui vous entourent.<\/p><\/div>\n\t\t\t\t<div class=\"tb-buttons-part\">\n\t\t\t\t\t\t\t\t\t\t\t<\/div>\n\t\t<\/div>\n\t<\/div>\n<\/div>","protected":false},"excerpt":{"rendered":"","protected":false},"author":46,"featured_media":3562,"parent":0,"menu_order":0,"comment_status":"closed","ping_status":"closed","template":"","meta":{"_acf_changed":false,"inline_featured_image":false,"footnotes":""},"class_list":["post-3496","page","type-page","status-publish","has-post-thumbnail","hentry"],"acf":{"page_package_ids":"","is_main_package_page":false,"additional_linked_packages":[],"feed_page_to_atlas":false},"_links":{"self":[{"href":"https:\/\/tvt.travelblox.eu\/fr\/wp-json\/wp\/v2\/pages\/3496","targetHints":{"allow":["GET"]}}],"collection":[{"href":"https:\/\/tvt.travelblox.eu\/fr\/wp-json\/wp\/v2\/pages"}],"about":[{"href":"https:\/\/tvt.travelblox.eu\/fr\/wp-json\/wp\/v2\/types\/page"}],"author":[{"embeddable":true,"href":"https:\/\/tvt.travelblox.eu\/fr\/wp-json\/wp\/v2\/users\/46"}],"replies":[{"embeddable":true,"href":"https:\/\/tvt.travelblox.eu\/fr\/wp-json\/wp\/v2\/comments?post=3496"}],"version-history":[{"count":50,"href":"https:\/\/tvt.travelblox.eu\/fr\/wp-json\/wp\/v2\/pages\/3496\/revisions"}],"predecessor-version":[{"id":5043,"href":"https:\/\/tvt.travelblox.eu\/fr\/wp-json\/wp\/v2\/pages\/3496\/revisions\/5043"}],"wp:featuredmedia":[{"embeddable":true,"href":"https:\/\/tvt.travelblox.eu\/fr\/wp-json\/wp\/v2\/media\/3562"}],"wp:attachment":[{"href":"https:\/\/tvt.travelblox.eu\/fr\/wp-json\/wp\/v2\/media?parent=3496"}],"curies":[{"name":"wp","href":"https:\/\/api.w.org\/{rel}","templated":true}]}}