{"id":3496,"date":"2025-03-27T10:39:55","date_gmt":"2025-03-27T10:39:55","guid":{"rendered":"https:\/\/tvt.travelblox.eu\/?page_id=3496"},"modified":"2026-04-01T09:12:46","modified_gmt":"2026-04-01T09:12:46","slug":"about-us","status":"publish","type":"page","link":"https:\/\/tvt.travelblox.eu\/de\/about-us\/","title":{"rendered":"\u00dcber uns"},"content":{"rendered":"<div class=\"tb-header tb-block align-center background-dark pattern-none variant-none\" id=\"header\" data-fallback-background=\"https:\/\/tvt.travelblox.eu\/wp-content\/uploads\/sites\/49\/2025\/03\/DSC06086.jpg\" style=\"background-image: url('https:\/\/tvt.travelblox.eu\/wp-content\/uploads\/sites\/49\/2025\/03\/DSC06086.jpg'); background-position:50% 50%;\">\n    <div class=\"tb-header-foreground\">\n        <div class=\"inner-block\">\n\n            <div class=\"main-part\">\n                <div class=\"text-part\">\n                                                                                            <h1>\t<span class=\"tb-logo\"  style=\"-webkit-mask-image: url(https:\/\/tvt.travelblox.eu\/wp-content\/uploads\/sites\/49\/2023\/09\/TVT_white-no-Italy-without-wheel.svg); mask-image: url(https:\/\/tvt.travelblox.eu\/wp-content\/uploads\/sites\/49\/2023\/09\/TVT_white-no-Italy-without-wheel.svg)\">\n\t\t<img src='https:\/\/tvt.travelblox.eu\/wp-content\/uploads\/sites\/49\/2023\/12\/DVT_white-no-Italy-without-wheel.png' width='1024' height='1024' alt='The Vespa Trip-Logo' title='Der Vespa Trip' loading='lazy'>\n\t<\/span>\n<\/h1>\n                                                                                        <h2 class=\"tb-subtitle\">\t\t<div class=\"translation-block\"><p>Das Team und die Geschichte hinter The Vespa Trip<\/p><\/div>\n\t<\/h2>\n                                                                                                                                            <\/div>\n            <\/div>\n            \n                    <\/div>\n    <\/div>\n\n    \n    \n<\/div>\n\n\n<div class=\"tb-team tb-block align-center background-light pattern-default variant-none tb-collapsible-margins\" id=\"team\">\n\t<div class=\"inner-block tb-fade-in tb-fade-in--subtle\">\n\t\t<div class=\"text-part\">\n\t\t\t<h2>Wer sind wir?<\/h2>\n\t\t\t\t\t<div class=\"translation-block\"><p>Ciao a tutti!<\/p><p>Bei Der Vespa Trip leben wir f\u00fcr Abenteuer, die offene Stra\u00dfe und La Dolce Vita. Es gibt einfach etwas Magisches daran, Italien mit dem Wind in den Haaren, der Sonne im Gesicht und einer Vespa unter dir zu erkunden.<\/p><p>Wir sind ein Team von leidenschaftlichen Reisenden, die glauben, dass man La Bella Italia am besten auf zwei R\u00e4dern erlebt, mit der Freiheit, dorthin zu fahren, wo die Stra\u00dfe dich hinf\u00fchrt. Vom Cruisen durch die sanften H\u00fcgel der Toskana bis hin zum Entdecken der versteckten Sch\u00e4tze der Amalfik\u00fcste oder einfach nur beim Genie\u00dfen eines Espressos in einer sonnenverw\u00f6hnten Piazza. Wir sind hier, um Roadtrip-Tr\u00e4ume in Realit\u00e4t zu verwandeln, eine malerische Fahrt nach der anderen.<\/p><\/div>\n\t\t\t<\/div>\n\t<\/div>\n\t\t\t\t\t<div class=\"inner-block-full-width has-tb-carousel\" >\n\t\t\t<div class=\"tb-carousel-container\">\n\t\t\t\t<div class=\"entries tb-cards\" data-slider-first=\"1\">\n\t\t\t\t\t\t\t\t\t<div class=\"tb-card entry\" style=\"background-image: url('https:\/\/tvt.travelblox.eu\/wp-content\/uploads\/sites\/49\/2025\/03\/IMG_8613-1-683x1024.jpg')\">\n\t\t\t\t<label for=\"tb-team-read-more-block_s49__p3496__team-0\" class=\"tb-team__card-label\">\n\t\t\t\t\t<div class=\"overlay\"><\/div>\n\t\t\t\t\t<div class=\"overlay overlay--extra\"><\/div>\n\t\t\t\t\t<div class=\"content\">\n\t\t\t\t\t\t<div class=\"tb-team__card-titles\">\n\t\t\t\t\t\t\t<h3>Ansita<\/h3>\n\t\t\t\t\t\t\t\t\t\t\t\t\t\t\t<p>Brand Manager<\/p>\n\t\t\t\t\t\t\t\t\t\t\t\t\t<\/div>\n\t\t\t\t\t\t\t\t\t\t\t\t\t<div class=\"extra-content\">\n\t\t\t\t\t\t\t\t<p>Mit jahrelanger Erfahrung in der Planung von Vespa-Routen in Italien kenne ich die perfekte Mischung aus Abenteuer und Entspannung. Steig einfach auf und genie\u00dfe die Fahrt!\ud83d\udef5\ud83c\uddee\ud83c\uddf9<\/p>\n\t\t\t\t\t\t\t<\/div>\n\t\t\t\t\t\t\t\t\t\t\t<\/div>\n\t\t\t\t\t<input type=\"checkbox\" class=\"tb-team__card-checkbox\" id=\"tb-team-read-more-block_s49__p3496__team-0\">\n\t\t\t\t<\/label>\n\t\t\t<\/div>\n\t\t\t\t\t<div class=\"tb-card entry\" style=\"background-image: url('https:\/\/tvt.travelblox.eu\/wp-content\/uploads\/sites\/49\/2025\/03\/IMG_8058-1-Medium.jpeg')\">\n\t\t\t\t<label for=\"tb-team-read-more-block_s49__p3496__team-1\" class=\"tb-team__card-label\">\n\t\t\t\t\t<div class=\"overlay\"><\/div>\n\t\t\t\t\t<div class=\"overlay overlay--extra\"><\/div>\n\t\t\t\t\t<div class=\"content\">\n\t\t\t\t\t\t<div class=\"tb-team__card-titles\">\n\t\t\t\t\t\t\t<h3>Chlo\u00e9<\/h3>\n\t\t\t\t\t\t\t\t\t\t\t\t\t\t\t<p>Projekt- &amp; Community-Manager <\/p>\n\t\t\t\t\t\t\t\t\t\t\t\t\t<\/div>\n\t\t\t\t\t\t\t\t\t\t\t\t\t<div class=\"extra-content\">\n\t\t\t\t\t\t\t\t<p>Die lebendige Atmosph\u00e4re, die unglaublichen Ausblicke, die beeindruckenden St\u00e4dte und das leckere Essen\u2026 Italien entt\u00e4uscht nie. Ich freue mich, meine Leidenschaft mit dir zu teilen! \ud83c\udf1e<\/p>\n\t\t\t\t\t\t\t<\/div>\n\t\t\t\t\t\t\t\t\t\t\t<\/div>\n\t\t\t\t\t<input type=\"checkbox\" class=\"tb-team__card-checkbox\" id=\"tb-team-read-more-block_s49__p3496__team-1\">\n\t\t\t\t<\/label>\n\t\t\t<\/div>\n\t\t\t\t\t\t\t\t<\/div>\n\t\t\t\t\t\t<div class=\"tb-carousel-nav\">\n\t\t\t<div class=\"dots\">\n\t\t\t\t<div class=\"dot active\"><\/div>\n\t\t\t\t<div class=\"dot\"><\/div>\n\t\t\t\t<div class=\"dot\"><\/div>\n\t\t\t<\/div>\n\t\t\t<div class=\"arrows\">\n\t\t\t\t<div class=\"prev disabled\">\n\t\t\t\t\t<span><i class=\"fa fa-chevron-left\"><\/i><\/span>\n\t\t\t\t<\/div>\n\t\t\t\t<div class=\"next\">\n\t\t\t\t\t<span><i class=\"fa fa-chevron-right\"><\/i><\/span>\n\t\t\t\t<\/div>\n\t\t\t<\/div>\n\t\t<\/div>\n\t\t\t\t<\/div>\n\t\t<\/div>\n\t\t\t<\/div>\n\n\n<div class=\"tb-textimage1 tb-block align-center background-light pattern-none variant-none tb-collapsible-margins\" id=\"textimage1\">\n\t<div class=\"inner-block tb-fade-in tb-fade-in--subtle\">\n\n\t\t\n\t\t<div class=\"text-part\">\n\t\t\t<h2>Die Geschichte hinter Der Vespa Trip<\/h2>\n\t\t\t\t\t<div class=\"translation-block\"><p>Was 2015 als einw\u00f6chiges Abenteuer begann, das einer kleinen Gruppe von Studenten die Magie Italiens n\u00e4herbrachte, hat sich stetig zu etwas viel Gr\u00f6\u00dferem entwickelt.<\/p><p>In den n\u00e4chsten f\u00fcnf Jahren hat sich Der Vespa Trip weiterentwickelt, die Struktur verfeinert und ist \u00fcber die studentische Atmosph\u00e4re hinaus gewachsen, um immer mehr Reisende willkommen zu hei\u00dfen. Dann kam das Jahr, als die Welt stillstand und wir alle zu Hause bleiben mussten. Doch aus dieser Pause entstand ein neuer Anfang, wir waren bereit, neue Horizonte zu erkunden.<\/p><p>In den letzten vier Jahren haben wir uns \u00fcber alles hinausentwickelt, was wir uns jemals h\u00e4tten vorstellen k\u00f6nnen. Wir haben weitere Wochen hinzugef\u00fcgt, unsere Reiseziele verdoppelt und Abenteurer*innen aus der ganzen Welt willkommen gehei\u00dfen. Was einst als Herzensprojekt begann, ist heute eine globale Gemeinschaft von Reisenden, die ihre Liebe zur offenen Stra\u00dfe, verborgenen Sch\u00e4tzen und der einfachen Freude auf einer summenden Vespa teilen.<\/p><p>Doch wir h\u00f6ren hier nicht auf. Jedes Jahr streben wir danach, die Erfahrung zu verbessern und zu verfeinern, indem wir eng mit Einheimischen zusammenarbeiten, um dir die authentischste und unvergesslichste Reise zu bieten. Wir haben starke Beziehungen in ganz Italien aufgebaut und sorgen daf\u00fcr, dass jeder Halt, jede Mahlzeit und jede kurvenreiche Stra\u00dfe zur Magie deines Abenteuers beitr\u00e4gt.<\/p><p>Bei Der Vespa Trip glauben wir, dass die richtigen Menschen den Unterschied ausmachen. Deshalb w\u00e4hlen wir Guides sorgf\u00e4ltig aus, die dir nicht nur Italien zeigen, sondern daf\u00fcr sorgen, dass du dich dort zu Hause f\u00fchlst. In der Zwischenzeit arbeitet unser Team im Hintergrund unerm\u00fcdlich daran, sicherzustellen, dass jede Reise reibungslos verl\u00e4uft, damit du dich nur auf die Fahrt konzentrieren musst.<\/p><p>Gemeinsam schaffen wir mehr als nur Reisen, wir schaffen lebenslange Erinnerungen, dauerhafte Verbindungen und ein Reiseerlebnis, das dir bleibt, lange nachdem deine Vespa wieder geparkt ist.<\/p><p>\u2600\ufe0f Ansita<br><em>Brand Manager&nbsp;<\/em><\/p><\/div>\n\t\t\t<\/div>\n\t<\/div>\n\t<div class=\"inner-block\">\n\t\t\t\t\t\t\t\t\t<div class=\"tb-image-part\">\n\t\t\t\t\t<img src='https:\/\/tvt.travelblox.eu\/wp-content\/uploads\/sites\/49\/2025\/03\/DSC06954-1536x1024.jpg' width='1536' height='1024' alt='4 Personen auf einer Vespa in einer kleinen Stra\u00dfe' loading='lazy' image_size='1536x1536'>\t\t\t\t<\/div>\n\t\t\t\t\t\t<\/div>\n\t<div class=\"inner-block tb-fade-in tb-fade-in--subtle\">\n\t\t<div class=\"text-part\">\n\t\t\t\t\t<div class=\"translation-block\"><p>Der Vespa Trip ist ein Erlebnis, das von <strong><a href=\"https:\/\/travelbase.world\/\">Travelbase<\/a>,<\/strong> einem schnell wachsenden Reiseunternehmen mit \u00fcber 20 einzigartigen Reise-Marken und Gemeinschaften, geschaffen wurde. Seit 2010 gestalten wir unvergessliche aktive Reiseabenteuer, haupts\u00e4chlich in Europa.<\/p>\n<p>Bei Travelbase glauben wir, dass die Reise wichtiger ist als das Ziel. Unser Ziel ist es, dich \u00fcber deine Komfortzone hinauszuf\u00fchren, deine Grenzen herauszufordern und dir zu helfen, dich mit der Natur und den Menschen um dich herum zu verbinden.<\/p><\/div>\n\t\t\t\t<div class=\"tb-buttons-part\">\n\t\t\t\t\t\t\t\t\t\t\t<\/div>\n\t\t<\/div>\n\t<\/div>\n<\/div>","protected":false},"excerpt":{"rendered":"","protected":false},"author":46,"featured_media":3562,"parent":0,"menu_order":0,"comment_status":"closed","ping_status":"closed","template":"","meta":{"_acf_changed":false,"inline_featured_image":false,"footnotes":""},"class_list":["post-3496","page","type-page","status-publish","has-post-thumbnail","hentry"],"acf":{"page_package_ids":"","is_main_package_page":false,"additional_linked_packages":[],"feed_page_to_atlas":false},"_links":{"self":[{"href":"https:\/\/tvt.travelblox.eu\/de\/wp-json\/wp\/v2\/pages\/3496","targetHints":{"allow":["GET"]}}],"collection":[{"href":"https:\/\/tvt.travelblox.eu\/de\/wp-json\/wp\/v2\/pages"}],"about":[{"href":"https:\/\/tvt.travelblox.eu\/de\/wp-json\/wp\/v2\/types\/page"}],"author":[{"embeddable":true,"href":"https:\/\/tvt.travelblox.eu\/de\/wp-json\/wp\/v2\/users\/46"}],"replies":[{"embeddable":true,"href":"https:\/\/tvt.travelblox.eu\/de\/wp-json\/wp\/v2\/comments?post=3496"}],"version-history":[{"count":50,"href":"https:\/\/tvt.travelblox.eu\/de\/wp-json\/wp\/v2\/pages\/3496\/revisions"}],"predecessor-version":[{"id":5043,"href":"https:\/\/tvt.travelblox.eu\/de\/wp-json\/wp\/v2\/pages\/3496\/revisions\/5043"}],"wp:featuredmedia":[{"embeddable":true,"href":"https:\/\/tvt.travelblox.eu\/de\/wp-json\/wp\/v2\/media\/3562"}],"wp:attachment":[{"href":"https:\/\/tvt.travelblox.eu\/de\/wp-json\/wp\/v2\/media?parent=3496"}],"curies":[{"name":"wp","href":"https:\/\/api.w.org\/{rel}","templated":true}]}}